{"id":2970,"date":"2025-02-13T10:44:07","date_gmt":"2025-02-13T09:44:07","guid":{"rendered":"http:\/\/poligeneracja.tech\/?page_id=2970"},"modified":"2025-02-13T10:48:30","modified_gmt":"2025-02-13T09:48:30","slug":"aktualnosci-2","status":"publish","type":"page","link":"https:\/\/poligeneracja.tech\/index.php\/aktualnosci-2\/","title":{"rendered":"Aktualno\u015bci"},"content":{"rendered":"\t\t<div data-elementor-type=\"wp-page\" data-elementor-id=\"2970\" class=\"elementor elementor-2970\">\n\t\t\t\t\t\t\t\t\t<section class=\"elementor-section elementor-top-section elementor-element elementor-element-f854b31 elementor-section-boxed elementor-section-height-default elementor-section-height-default\" data-id=\"f854b31\" data-element_type=\"section\">\n\t\t\t\t\t\t<div class=\"elementor-container elementor-column-gap-default\">\n\t\t\t\t\t<div class=\"elementor-column elementor-col-100 elementor-top-column elementor-element elementor-element-dafb146\" data-id=\"dafb146\" data-element_type=\"column\">\n\t\t\t<div class=\"elementor-widget-wrap elementor-element-populated\">\n\t\t\t\t\t\t\t\t<div class=\"elementor-element elementor-element-39abce5 elementor-widget elementor-widget-ce-posts-grid\" data-id=\"39abce5\" data-element_type=\"widget\" data-widget_type=\"ce-posts-grid.default\">\n\t\t\t\t<div class=\"elementor-widget-container\">\n\t\t\t\t\t<div class=\"ce-posts-grid ce-post-style-bygge\" data-columns=\"3\" data-layout=\"masonry\">\r\n\r\n\t\t\t\t\t\t\t\t\t                        \r\n<article id=\"ce-post-item-753\" data-speed=\"300\" class=\"ce-post-item ce-animation ce-animation--bottom-t-top ce-animation-manual post-753 post type-post status-publish format-standard has-post-thumbnail hentry category-interior\" data-delay=\"100\" >\r\n\t\r\n    <div class=\"media-wrapper\">\r\n\t\r\n                \r\n        <div class=\"entry-media\">\r\n        \r\n            <div class=\"post-thumbnail\">\r\n                \r\n                <img loading=\"lazy\" decoding=\"async\" width=\"300\" height=\"194\" src=\"https:\/\/poligeneracja.tech\/wp-content\/uploads\/2022\/01\/wioletta_ts-300x194.webp\" class=\"attachment-medium size-medium wp-post-image\" alt=\"\" srcset=\"https:\/\/poligeneracja.tech\/wp-content\/uploads\/2022\/01\/wioletta_ts-300x194.webp 300w, https:\/\/poligeneracja.tech\/wp-content\/uploads\/2022\/01\/wioletta_ts-768x497.webp 768w, https:\/\/poligeneracja.tech\/wp-content\/uploads\/2022\/01\/wioletta_ts.webp 1024w\" sizes=\"auto, (max-width: 300px) 100vw, 300px\" \/>                <a href=\"https:\/\/poligeneracja.tech\/index.php\/2025\/02\/12\/hybrydowe-systemy-energetyczne-elastycznosc-i-optymalizacja\/\" class=\"image-link\"><\/a>\r\n            \r\n            <\/div><!-- .post-thumbnail --> \r\n\r\n        <\/div><!-- .entry-media --> \r\n\r\n        \r\n\t<\/div>\r\n\t\r\n\t<div class=\"entry-wrapper\">\r\n\r\n\t\t<div class=\"entry-wrapper-content\">\r\n\t           \r\n            <div class=\"entry-meta-single entry-meta-date\">\r\n                12 lutego 2025            <\/div><!-- .entry-meta-single -->\r\n            <h2 class=\"entry-title\"><a href=\"https:\/\/poligeneracja.tech\/index.php\/2025\/02\/12\/hybrydowe-systemy-energetyczne-elastycznosc-i-optymalizacja\/\" rel=\"bookmark\">Hybrydowe Systemy Energetyczne \u2013 elastyczno\u015b\u0107 i optymalizacja<\/a><\/h2>\r\n\t\t<\/div><!-- .entry-wrapper-content -->\r\n\r\n\t<\/div><!-- .entry-wrapper -->\r\n\t\r\n<\/article><!-- #post-## -->\r\n                    \t\t\t\t\t\t                        \r\n<article id=\"ce-post-item-750\" data-speed=\"300\" class=\"ce-post-item ce-animation ce-animation--bottom-t-top ce-animation-manual post-750 post type-post status-publish format-standard has-post-thumbnail hentry category-interior tag-enjoy tag-holiday tag-life\" data-delay=\"200\" >\r\n\t\r\n    <div class=\"media-wrapper\">\r\n\t\r\n                \r\n        <div class=\"entry-media\">\r\n        \r\n            <div class=\"post-thumbnail\">\r\n                \r\n                <img loading=\"lazy\" decoding=\"async\" width=\"300\" height=\"202\" src=\"https:\/\/poligeneracja.tech\/wp-content\/uploads\/2022\/01\/obraz-300x202.png\" class=\"attachment-medium size-medium wp-post-image\" alt=\"\" srcset=\"https:\/\/poligeneracja.tech\/wp-content\/uploads\/2022\/01\/obraz-300x202.png 300w, https:\/\/poligeneracja.tech\/wp-content\/uploads\/2022\/01\/obraz.png 605w\" sizes=\"auto, (max-width: 300px) 100vw, 300px\" \/>                <a href=\"https:\/\/poligeneracja.tech\/index.php\/2025\/02\/12\/techniczne-prowadzenia-zadan-pod-katem-uruchomienia-i-adaptacji-w-obiektach\/\" class=\"image-link\"><\/a>\r\n            \r\n            <\/div><!-- .post-thumbnail --> \r\n\r\n        <\/div><!-- .entry-media --> \r\n\r\n        \r\n\t<\/div>\r\n\t\r\n\t<div class=\"entry-wrapper\">\r\n\r\n\t\t<div class=\"entry-wrapper-content\">\r\n\t           \r\n            <div class=\"entry-meta-single entry-meta-date\">\r\n                12 lutego 2025            <\/div><!-- .entry-meta-single -->\r\n            <h2 class=\"entry-title\"><a href=\"https:\/\/poligeneracja.tech\/index.php\/2025\/02\/12\/techniczne-prowadzenia-zadan-pod-katem-uruchomienia-i-adaptacji-w-obiektach\/\" rel=\"bookmark\">Techniczne prowadzenia zada\u0144 pod k\u0105tem uruchomienia i adaptacji w obiektach.<\/a><\/h2>\r\n\t\t<\/div><!-- .entry-wrapper-content -->\r\n\r\n\t<\/div><!-- .entry-wrapper -->\r\n\t\r\n<\/article><!-- #post-## -->\r\n                    \t\t\t\t\t\t                        \r\n<article id=\"ce-post-item-747\" data-speed=\"300\" class=\"ce-post-item ce-animation ce-animation--bottom-t-top ce-animation-manual post-747 post type-post status-publish format-standard has-post-thumbnail hentry category-interior\" data-delay=\"300\" >\r\n\t\r\n    <div class=\"media-wrapper\">\r\n\t\r\n                \r\n        <div class=\"entry-media\">\r\n        \r\n            <div class=\"post-thumbnail\">\r\n                \r\n                <img loading=\"lazy\" decoding=\"async\" width=\"300\" height=\"199\" src=\"https:\/\/poligeneracja.tech\/wp-content\/uploads\/2022\/01\/obraz-20-300x199.png\" class=\"attachment-medium size-medium wp-post-image\" alt=\"\" srcset=\"https:\/\/poligeneracja.tech\/wp-content\/uploads\/2022\/01\/obraz-20-300x199.png 300w, https:\/\/poligeneracja.tech\/wp-content\/uploads\/2022\/01\/obraz-20.png 498w\" sizes=\"auto, (max-width: 300px) 100vw, 300px\" \/>                <a href=\"https:\/\/poligeneracja.tech\/index.php\/2025\/02\/12\/analizy-dokumentacji-dla-uczestnictwa-w-systemie-wsparcia-chp-w-inwestycji\/\" class=\"image-link\"><\/a>\r\n            \r\n            <\/div><!-- .post-thumbnail --> \r\n\r\n        <\/div><!-- .entry-media --> \r\n\r\n        \r\n\t<\/div>\r\n\t\r\n\t<div class=\"entry-wrapper\">\r\n\r\n\t\t<div class=\"entry-wrapper-content\">\r\n\t           \r\n            <div class=\"entry-meta-single entry-meta-date\">\r\n                12 lutego 2025            <\/div><!-- .entry-meta-single -->\r\n            <h2 class=\"entry-title\"><a href=\"https:\/\/poligeneracja.tech\/index.php\/2025\/02\/12\/analizy-dokumentacji-dla-uczestnictwa-w-systemie-wsparcia-chp-w-inwestycji\/\" rel=\"bookmark\">Analizy dokumentacji dla uczestnictwa  w systemie  wsparcia CHP w inwestycji<\/a><\/h2>\r\n\t\t<\/div><!-- .entry-wrapper-content -->\r\n\r\n\t<\/div><!-- .entry-wrapper -->\r\n\t\r\n<\/article><!-- #post-## -->\r\n                                                    \t\t\t\r\n\t\t<\/div>\r\n\t\t\t\t<\/div>\n\t\t\t\t<\/div>\n\t\t\t\t\t<\/div>\n\t\t<\/div>\n\t\t\t\t\t\t\t<\/div>\n\t\t<\/section>\n\t\t\t\t\t\t\t<\/div>\n\t\t","protected":false},"excerpt":{"rendered":"<p>12 lutego 2025 Hybrydowe Systemy Energetyczne \u2013 elastyczno\u015b\u0107 i optymalizacja 12 lutego 2025 Techniczne prowadzenia zada\u0144 pod k\u0105tem uruchomienia i adaptacji w obiektach. 12 lutego 2025 Analizy dokumentacji dla uczestnictwa w systemie wsparcia CHP w inwestycji<\/p>\n","protected":false},"author":1,"featured_media":1620,"parent":0,"menu_order":0,"comment_status":"closed","ping_status":"closed","template":"","meta":{"_monsterinsights_skip_tracking":false,"_monsterinsights_sitenote_active":false,"_monsterinsights_sitenote_note":"","_monsterinsights_sitenote_category":0,"footnotes":""},"class_list":["post-2970","page","type-page","status-publish","has-post-thumbnail","hentry"],"aioseo_notices":[],"_links":{"self":[{"href":"https:\/\/poligeneracja.tech\/index.php\/wp-json\/wp\/v2\/pages\/2970","targetHints":{"allow":["GET"]}}],"collection":[{"href":"https:\/\/poligeneracja.tech\/index.php\/wp-json\/wp\/v2\/pages"}],"about":[{"href":"https:\/\/poligeneracja.tech\/index.php\/wp-json\/wp\/v2\/types\/page"}],"author":[{"embeddable":true,"href":"https:\/\/poligeneracja.tech\/index.php\/wp-json\/wp\/v2\/users\/1"}],"replies":[{"embeddable":true,"href":"https:\/\/poligeneracja.tech\/index.php\/wp-json\/wp\/v2\/comments?post=2970"}],"version-history":[{"count":4,"href":"https:\/\/poligeneracja.tech\/index.php\/wp-json\/wp\/v2\/pages\/2970\/revisions"}],"predecessor-version":[{"id":2974,"href":"https:\/\/poligeneracja.tech\/index.php\/wp-json\/wp\/v2\/pages\/2970\/revisions\/2974"}],"wp:featuredmedia":[{"embeddable":true,"href":"https:\/\/poligeneracja.tech\/index.php\/wp-json\/wp\/v2\/media\/1620"}],"wp:attachment":[{"href":"https:\/\/poligeneracja.tech\/index.php\/wp-json\/wp\/v2\/media?parent=2970"}],"curies":[{"name":"wp","href":"https:\/\/api.w.org\/{rel}","templated":true}]}}