{"id":2945,"date":"2025-02-13T07:44:10","date_gmt":"2025-02-13T06:44:10","guid":{"rendered":"http:\/\/poligeneracja.tech\/?page_id=2945"},"modified":"2025-02-13T10:55:06","modified_gmt":"2025-02-13T09:55:06","slug":"doradztwo-esg-2","status":"publish","type":"page","link":"https:\/\/poligeneracja.tech\/index.php\/doradztwo-esg-2\/","title":{"rendered":"Doradztwo ESG"},"content":{"rendered":"\t\t<div data-elementor-type=\"wp-page\" data-elementor-id=\"2945\" class=\"elementor elementor-2945\">\n\t\t\t\t\t\t\t\t\t<section class=\"elementor-section elementor-top-section elementor-element elementor-element-7897829 elementor-section-stretched elementor-section-boxed elementor-section-height-default elementor-section-height-default\" data-id=\"7897829\" data-element_type=\"section\" data-settings=\"{&quot;stretch_section&quot;:&quot;section-stretched&quot;}\">\n\t\t\t\t\t\t<div class=\"elementor-container elementor-column-gap-default\">\n\t\t\t\t\t<div class=\"elementor-column elementor-col-100 elementor-top-column elementor-element elementor-element-d7abd12\" data-id=\"d7abd12\" data-element_type=\"column\">\n\t\t\t<div class=\"elementor-widget-wrap elementor-element-populated\">\n\t\t\t\t\t\t\t\t<section class=\"elementor-section elementor-inner-section elementor-element elementor-element-585f1ce elementor-section-boxed elementor-section-height-default elementor-section-height-default\" data-id=\"585f1ce\" data-element_type=\"section\">\n\t\t\t\t\t\t<div class=\"elementor-container elementor-column-gap-default\">\n\t\t\t\t\t<div class=\"elementor-column elementor-col-50 elementor-inner-column elementor-element elementor-element-c7b87e4\" data-id=\"c7b87e4\" data-element_type=\"column\">\n\t\t\t<div class=\"elementor-widget-wrap elementor-element-populated\">\n\t\t\t\t\t\t\t\t<div class=\"elementor-element elementor-element-ae6cebb elementor-widget elementor-widget-heading\" data-id=\"ae6cebb\" data-element_type=\"widget\" data-widget_type=\"heading.default\">\n\t\t\t\t<div class=\"elementor-widget-container\">\n\t\t\t<style>\/*! elementor - v3.11.5 - 14-03-2023 *\/\n.elementor-heading-title{padding:0;margin:0;line-height:1}.elementor-widget-heading .elementor-heading-title[class*=elementor-size-]>a{color:inherit;font-size:inherit;line-height:inherit}.elementor-widget-heading .elementor-heading-title.elementor-size-small{font-size:15px}.elementor-widget-heading .elementor-heading-title.elementor-size-medium{font-size:19px}.elementor-widget-heading .elementor-heading-title.elementor-size-large{font-size:29px}.elementor-widget-heading .elementor-heading-title.elementor-size-xl{font-size:39px}.elementor-widget-heading .elementor-heading-title.elementor-size-xxl{font-size:59px}<\/style><div class=\"elementor-heading-title elementor-size-default\">doradztwo esg<\/div>\t\t<\/div>\n\t\t\t\t<\/div>\n\t\t\t\t<div class=\"elementor-element elementor-element-583a0e6 elementor-widget elementor-widget-heading\" data-id=\"583a0e6\" data-element_type=\"widget\" data-widget_type=\"heading.default\">\n\t\t\t\t<div class=\"elementor-widget-container\">\n\t\t\t<h2 class=\"elementor-heading-title elementor-size-default\">Doradztwo ESG i Zr\u00f3wnowa\u017cony Rozw\u00f3j \u2013 Przysz\u0142o\u015b\u0107 Twojej Firmy w Odpowiedzialnym Biznesie<\/h2>\t\t<\/div>\n\t\t\t\t<\/div>\n\t\t\t\t\t<\/div>\n\t\t<\/div>\n\t\t\t\t<div class=\"elementor-column elementor-col-50 elementor-inner-column elementor-element elementor-element-22962d3\" data-id=\"22962d3\" data-element_type=\"column\">\n\t\t\t<div class=\"elementor-widget-wrap elementor-element-populated\">\n\t\t\t\t\t\t\t\t<div class=\"elementor-element elementor-element-3c9495a elementor-widget elementor-widget-image\" data-id=\"3c9495a\" data-element_type=\"widget\" data-widget_type=\"image.default\">\n\t\t\t\t<div class=\"elementor-widget-container\">\n\t\t\t<style>\/*! elementor - v3.11.5 - 14-03-2023 *\/\n.elementor-widget-image{text-align:center}.elementor-widget-image a{display:inline-block}.elementor-widget-image a img[src$=\".svg\"]{width:48px}.elementor-widget-image img{vertical-align:middle;display:inline-block}<\/style>\t\t\t\t\t\t\t\t\t\t\t\t<img loading=\"lazy\" decoding=\"async\" width=\"687\" height=\"281\" src=\"https:\/\/poligeneracja.tech\/wp-content\/uploads\/2025\/02\/ESG-PRAKTYKI.png\" class=\"attachment-large size-large wp-image-2948\" alt=\"\" srcset=\"https:\/\/poligeneracja.tech\/wp-content\/uploads\/2025\/02\/ESG-PRAKTYKI.png 687w, https:\/\/poligeneracja.tech\/wp-content\/uploads\/2025\/02\/ESG-PRAKTYKI-300x123.png 300w\" sizes=\"auto, (max-width: 687px) 100vw, 687px\" \/>\t\t\t\t\t\t\t\t\t\t\t\t\t\t\t<\/div>\n\t\t\t\t<\/div>\n\t\t\t\t<div class=\"elementor-element elementor-element-ecbe51f elementor-widget elementor-widget-image\" data-id=\"ecbe51f\" data-element_type=\"widget\" data-widget_type=\"image.default\">\n\t\t\t\t<div class=\"elementor-widget-container\">\n\t\t\t\t\t\t\t\t\t\t\t\t\t\t\t<img loading=\"lazy\" decoding=\"async\" width=\"333\" height=\"242\" src=\"https:\/\/poligeneracja.tech\/wp-content\/uploads\/2025\/02\/ESG-GLOWNE-FILARY.png\" class=\"attachment-large size-large wp-image-2947\" alt=\"\" srcset=\"https:\/\/poligeneracja.tech\/wp-content\/uploads\/2025\/02\/ESG-GLOWNE-FILARY.png 333w, https:\/\/poligeneracja.tech\/wp-content\/uploads\/2025\/02\/ESG-GLOWNE-FILARY-300x218.png 300w\" sizes=\"auto, (max-width: 333px) 100vw, 333px\" \/>\t\t\t\t\t\t\t\t\t\t\t\t\t\t\t<\/div>\n\t\t\t\t<\/div>\n\t\t\t\t\t<\/div>\n\t\t<\/div>\n\t\t\t\t\t\t\t<\/div>\n\t\t<\/section>\n\t\t\t\t\t<\/div>\n\t\t<\/div>\n\t\t\t\t\t\t\t<\/div>\n\t\t<\/section>\n\t\t\t\t<section class=\"elementor-section elementor-top-section elementor-element elementor-element-9a0db77 elementor-section-stretched elementor-section-boxed elementor-section-height-default elementor-section-height-default\" data-id=\"9a0db77\" data-element_type=\"section\" data-settings=\"{&quot;stretch_section&quot;:&quot;section-stretched&quot;}\">\n\t\t\t\t\t\t<div class=\"elementor-container elementor-column-gap-default\">\n\t\t\t\t\t<div class=\"elementor-column elementor-col-100 elementor-top-column elementor-element elementor-element-0faef49\" data-id=\"0faef49\" data-element_type=\"column\">\n\t\t\t<div class=\"elementor-widget-wrap elementor-element-populated\">\n\t\t\t\t\t\t\t\t<div class=\"elementor-element elementor-element-81f7205 elementor-widget elementor-widget-heading\" data-id=\"81f7205\" data-element_type=\"widget\" data-widget_type=\"heading.default\">\n\t\t\t\t<div class=\"elementor-widget-container\">\n\t\t\t<div class=\"elementor-heading-title elementor-size-default\"><p>Dynamicznie zmieniaj\u0105ce si\u0119 regulacje prawne, rosn\u0105ce oczekiwania inwestor\u00f3w oraz presja konsument\u00f3w sprawiaj\u0105, \u017ce <strong data-start=\"215\" data-end=\"268\">strategia ESG (Environmental, Social, Governance) <\/strong>staje si\u0119 kluczowym elementem zr\u00f3wnowa\u017conego rozwoju ka\u017cdej nowoczesnej firmy.<\/p><p>Wspieramy przedsi\u0119biorstwa w skutecznym wdra\u017caniu zasad ESG,<br>pomagaj\u0105c im nie tylko <strong data-start=\"432\" data-end=\"462\">spe\u0142ni\u0107 wymogi regulacyjne<\/strong>, ale tak\u017ce <strong data-start=\"474\" data-end=\"567\">zwi\u0119kszy\u0107 warto\u015b\u0107 marki, poprawi\u0107 efektywno\u015b\u0107 operacyjn\u0105 i budowa\u0107 przewag\u0119 konkurencyjn\u0105<\/strong>.<\/p><\/div>\t\t<\/div>\n\t\t\t\t<\/div>\n\t\t\t\t<section class=\"elementor-section elementor-inner-section elementor-element elementor-element-0c250a7 elementor-section-boxed elementor-section-height-default elementor-section-height-default\" data-id=\"0c250a7\" data-element_type=\"section\">\n\t\t\t\t\t\t<div class=\"elementor-container elementor-column-gap-default\">\n\t\t\t\t\t<div class=\"elementor-column elementor-col-50 elementor-inner-column elementor-element elementor-element-9fa3272\" data-id=\"9fa3272\" data-element_type=\"column\">\n\t\t\t<div class=\"elementor-widget-wrap elementor-element-populated\">\n\t\t\t\t\t\t\t\t<div class=\"elementor-element elementor-element-3424106 elementor-widget elementor-widget-image\" data-id=\"3424106\" data-element_type=\"widget\" data-widget_type=\"image.default\">\n\t\t\t\t<div class=\"elementor-widget-container\">\n\t\t\t\t\t\t\t\t\t\t\t\t\t\t\t<img loading=\"lazy\" decoding=\"async\" width=\"267\" height=\"195\" src=\"https:\/\/poligeneracja.tech\/wp-content\/uploads\/2025\/02\/ESG-ZRODLA-OZE.png\" class=\"attachment-large size-large wp-image-2950\" alt=\"\" \/>\t\t\t\t\t\t\t\t\t\t\t\t\t\t\t<\/div>\n\t\t\t\t<\/div>\n\t\t\t\t\t<\/div>\n\t\t<\/div>\n\t\t\t\t<div class=\"elementor-column elementor-col-50 elementor-inner-column elementor-element elementor-element-705dee2\" data-id=\"705dee2\" data-element_type=\"column\">\n\t\t\t<div class=\"elementor-widget-wrap elementor-element-populated\">\n\t\t\t\t\t\t\t\t<div class=\"elementor-element elementor-element-25bdb4a elementor-widget elementor-widget-image\" data-id=\"25bdb4a\" data-element_type=\"widget\" data-widget_type=\"image.default\">\n\t\t\t\t<div class=\"elementor-widget-container\">\n\t\t\t\t\t\t\t\t\t\t\t\t\t\t\t<img loading=\"lazy\" decoding=\"async\" width=\"411\" height=\"268\" src=\"https:\/\/poligeneracja.tech\/wp-content\/uploads\/2025\/02\/ESG-SCOPE-123.png\" class=\"attachment-large size-large wp-image-2949\" alt=\"\" srcset=\"https:\/\/poligeneracja.tech\/wp-content\/uploads\/2025\/02\/ESG-SCOPE-123.png 411w, https:\/\/poligeneracja.tech\/wp-content\/uploads\/2025\/02\/ESG-SCOPE-123-300x196.png 300w\" sizes=\"auto, (max-width: 411px) 100vw, 411px\" \/>\t\t\t\t\t\t\t\t\t\t\t\t\t\t\t<\/div>\n\t\t\t\t<\/div>\n\t\t\t\t\t<\/div>\n\t\t<\/div>\n\t\t\t\t\t\t\t<\/div>\n\t\t<\/section>\n\t\t\t\t\t<\/div>\n\t\t<\/div>\n\t\t\t\t\t\t\t<\/div>\n\t\t<\/section>\n\t\t\t\t<section class=\"elementor-section elementor-top-section elementor-element elementor-element-235cb9d elementor-section-boxed elementor-section-height-default elementor-section-height-default\" data-id=\"235cb9d\" data-element_type=\"section\">\n\t\t\t\t\t\t<div class=\"elementor-container elementor-column-gap-default\">\n\t\t\t\t\t<div class=\"elementor-column elementor-col-100 elementor-top-column elementor-element elementor-element-4a4780b\" data-id=\"4a4780b\" data-element_type=\"column\">\n\t\t\t<div class=\"elementor-widget-wrap elementor-element-populated\">\n\t\t\t\t\t\t\t\t<div class=\"elementor-element elementor-element-120da06 elementor-widget elementor-widget-text-editor\" data-id=\"120da06\" data-element_type=\"widget\" data-widget_type=\"text-editor.default\">\n\t\t\t\t<div class=\"elementor-widget-container\">\n\t\t\t<style>\/*! elementor - v3.11.5 - 14-03-2023 *\/\n.elementor-widget-text-editor.elementor-drop-cap-view-stacked .elementor-drop-cap{background-color:#818a91;color:#fff}.elementor-widget-text-editor.elementor-drop-cap-view-framed .elementor-drop-cap{color:#818a91;border:3px solid;background-color:transparent}.elementor-widget-text-editor:not(.elementor-drop-cap-view-default) .elementor-drop-cap{margin-top:8px}.elementor-widget-text-editor:not(.elementor-drop-cap-view-default) .elementor-drop-cap-letter{width:1em;height:1em}.elementor-widget-text-editor .elementor-drop-cap{float:left;text-align:center;line-height:1;font-size:50px}.elementor-widget-text-editor .elementor-drop-cap-letter{display:inline-block}<\/style>\t\t\t\t<h3 data-start=\"572\" data-end=\"595\"><strong data-start=\"576\" data-end=\"593\">Jak pomagamy wdro\u017cy\u0107 ESG?<\/strong><\/h3><p data-start=\"596\" data-end=\"1418\">\u2714 <strong data-start=\"598\" data-end=\"623\">Audyt i strategia ESG<\/strong> \u2013 analizujemy aktualny stan, identyfikujemy obszary do poprawy i opracowujemy d\u0142ugofalow\u0105 strategi\u0119 zr\u00f3wnowa\u017conego rozwoju.<br data-start=\"747\" data-end=\"750\" \/>\u2714 <strong data-start=\"752\" data-end=\"780\">Zarz\u0105dzanie ryzykiem ESG<\/strong> \u2013 pomagamy minimalizowa\u0107 ryzyka \u015brodowiskowe, spo\u0142eczne i korporacyjne, co wp\u0142ywa na stabilno\u015b\u0107 finansow\u0105 i reputacj\u0119 firmy.<br data-start=\"905\" data-end=\"908\" \/>\u2714 <strong data-start=\"910\" data-end=\"946\">Taksonomia UE i raportowanie ESG<\/strong> \u2013 przygotowujemy firmy do obowi\u0105zkowego raportowania zgodnie z regulacjami CSRD, SFDR oraz unijn\u0105 taksonomi\u0105.<br data-start=\"1056\" data-end=\"1059\" \/>\u2714 <strong data-start=\"1061\" data-end=\"1111\">Optymalizacja proces\u00f3w i zielona transformacja<\/strong> \u2013 wspieramy w przej\u015bciu na gospodark\u0119 niskoemisyjn\u0105, efektywne zarz\u0105dzanie energi\u0105 i wdra\u017canie zr\u00f3wnowa\u017conych modeli biznesowych.<br data-start=\"1241\" data-end=\"1244\" \/>\u2714 <strong data-start=\"1246\" data-end=\"1290\">Zarz\u0105dzanie relacjami z interesariuszami<\/strong> \u2013 doradzamy w zakresie komunikacji i budowania relacji z inwestorami, klientami oraz partnerami biznesowymi w kontek\u015bcie ESG.<\/p><h3 data-start=\"1420\" data-end=\"1445\"><strong data-start=\"1424\" data-end=\"1443\">Zr\u00f3wnowa\u017cony rozw\u00f3j &#8211; dlaczego warto ?<\/strong><\/h3><p data-start=\"1446\" data-end=\"1729\">Firmy, kt\u00f3re skutecznie wdra\u017caj\u0105 ESG, <strong data-start=\"1484\" data-end=\"1567\">uzyskuj\u0105 lepszy dost\u0119p do finansowania, minimalizuj\u0105 ryzyko prawne i operacyjne<\/strong>, a tak\u017ce buduj\u0105 <strong data-start=\"1584\" data-end=\"1629\">silniejsz\u0105 reputacj\u0119 i lojalno\u015b\u0107 klient\u00f3w<\/strong>. Zr\u00f3wnowa\u017cony rozw\u00f3j to nie tylko obowi\u0105zek, ale r\u00f3wnie\u017c <strong data-start=\"1687\" data-end=\"1726\">realna szansa na wzrost i innowacje<\/strong>.<\/p><p data-start=\"1731\" data-end=\"1889\" data-is-last-node=\"\"><strong data-start=\"1734\" data-end=\"1763\">Zacznij dzia\u0142a\u0107 ju\u017c dzi\u015b!<\/strong> Skontaktuj si\u0119 z nami, aby dowiedzie\u0107 si\u0119, jak mo\u017cemy pom\u00f3c w transformacji Twojej firmy w kierunku odpowiedzialnego biznesu.<\/p><p>\u00a0<\/p>\t\t\t\t\t\t<\/div>\n\t\t\t\t<\/div>\n\t\t\t\t\t<\/div>\n\t\t<\/div>\n\t\t\t\t\t\t\t<\/div>\n\t\t<\/section>\n\t\t\t\t\t\t\t<\/div>\n\t\t","protected":false},"excerpt":{"rendered":"<p>doradztwo esg Doradztwo ESG i Zr\u00f3wnowa\u017cony Rozw\u00f3j \u2013 Przysz\u0142o\u015b\u0107 Twojej Firmy w Odpowiedzialnym Biznesie Dynamicznie zmieniaj\u0105ce si\u0119 regulacje prawne, rosn\u0105ce oczekiwania inwestor\u00f3w oraz presja konsument\u00f3w sprawiaj\u0105, \u017ce strategia ESG (Environmental, Social, Governance) staje si\u0119 kluczowym elementem zr\u00f3wnowa\u017conego rozwoju ka\u017cdej nowoczesnej firmy. Wspieramy przedsi\u0119biorstwa w skutecznym wdra\u017caniu zasad ESG,pomagaj\u0105c im nie [&hellip;]<\/p>\n","protected":false},"author":1,"featured_media":1381,"parent":0,"menu_order":0,"comment_status":"closed","ping_status":"closed","template":"","meta":{"_monsterinsights_skip_tracking":false,"_monsterinsights_sitenote_active":false,"_monsterinsights_sitenote_note":"","_monsterinsights_sitenote_category":0,"footnotes":""},"class_list":["post-2945","page","type-page","status-publish","has-post-thumbnail","hentry"],"aioseo_notices":[],"_links":{"self":[{"href":"https:\/\/poligeneracja.tech\/index.php\/wp-json\/wp\/v2\/pages\/2945","targetHints":{"allow":["GET"]}}],"collection":[{"href":"https:\/\/poligeneracja.tech\/index.php\/wp-json\/wp\/v2\/pages"}],"about":[{"href":"https:\/\/poligeneracja.tech\/index.php\/wp-json\/wp\/v2\/types\/page"}],"author":[{"embeddable":true,"href":"https:\/\/poligeneracja.tech\/index.php\/wp-json\/wp\/v2\/users\/1"}],"replies":[{"embeddable":true,"href":"https:\/\/poligeneracja.tech\/index.php\/wp-json\/wp\/v2\/comments?post=2945"}],"version-history":[{"count":10,"href":"https:\/\/poligeneracja.tech\/index.php\/wp-json\/wp\/v2\/pages\/2945\/revisions"}],"predecessor-version":[{"id":2985,"href":"https:\/\/poligeneracja.tech\/index.php\/wp-json\/wp\/v2\/pages\/2945\/revisions\/2985"}],"wp:featuredmedia":[{"embeddable":true,"href":"https:\/\/poligeneracja.tech\/index.php\/wp-json\/wp\/v2\/media\/1381"}],"wp:attachment":[{"href":"https:\/\/poligeneracja.tech\/index.php\/wp-json\/wp\/v2\/media?parent=2945"}],"curies":[{"name":"wp","href":"https:\/\/api.w.org\/{rel}","templated":true}]}}